{"id":73,"date":"2016-01-19T10:24:09","date_gmt":"2016-01-19T09:24:09","guid":{"rendered":"http:\/\/www.lpsmedia.com\/?page_id=73"},"modified":"2016-02-21T16:32:28","modified_gmt":"2016-02-21T15:32:28","slug":"velkoplosny-tisk-2","status":"publish","type":"page","link":"http:\/\/www.lpsmedia.com\/?page_id=73","title":{"rendered":"VELKOPLO\u0160N\u00dd TISK"},"content":{"rendered":"<ul>\n<li>Dod\u00e1v\u00e1me kompletn\u00ed servis v\u00a0oblasti v\u00fdroby reklam<\/li>\n<li>Vytiskneme V\u00e1m <a href=\"http:\/\/www.areklama.cz\/cs\/vyroba-a-tisk-reklamnich-plachet\">reklamn\u00ed plachtu <\/a>v\u00a0rozm\u011bru, kter\u00fd pot\u0159ebujete<\/li>\n<li>Dod\u00e1v\u00e1me <u>tisky billboard\u016f,<\/u> a dal\u0161\u00edch nosi\u010d\u016f v\u00a0po\u010dtu, jen\u017e si ur\u010d\u00edte.<\/li>\n<li>Vytiskneme a nalep\u00edme <a href=\"http:\/\/www.areklama.cz\/cs\/digitalni-tisk-rezana-grafika-samolepky\">samolepky <\/a>na v\u00fdlohy a <a href=\"http:\/\/www.areklama.cz\/cs\/polepy-vozidel-autoplachty\">auta <\/a>v\u00a0lokalit\u00e1ch, kter\u00e9 si ur\u010d\u00edte.<\/li>\n<li>A to v\u0161e ve vysok\u00e9 kvalit\u011b zpracov\u00e1n\u00ed a s rychl\u00fdm a spolehliv\u00fdm dod\u00e1n\u00edm na m\u00edsto ur\u010den\u00ed.<\/li>\n<li>Bilboardy<\/li>\n<li>Plachty<\/li>\n<li>Desky,pouta\u010de<\/li>\n<li>V\u00fdlohy<\/li>\n<\/ul>\n","protected":false},"excerpt":{"rendered":"<p>Dod\u00e1v\u00e1me kompletn\u00ed servis v\u00a0oblasti v\u00fdroby reklam Vytiskneme V\u00e1m reklamn\u00ed plachtu v\u00a0rozm\u011bru, kter\u00fd pot\u0159ebujete Dod\u00e1v\u00e1me tisky billboard\u016f, a dal\u0161\u00edch nosi\u010d\u016f v\u00a0po\u010dtu, jen\u017e si ur\u010d\u00edte. Vytiskneme a nalep\u00edme samolepky na v\u00fdlohy a auta v\u00a0lokalit\u00e1ch, kter\u00e9 si ur\u010d\u00edte. A to v\u0161e ve vysok\u00e9 kvalit\u011b zpracov\u00e1n\u00ed a s rychl\u00fdm a spolehliv\u00fdm dod\u00e1n\u00edm na m\u00edsto ur\u010den\u00ed. Bilboardy Plachty Desky,pouta\u010de V\u00fdlohy<\/p>\n","protected":false},"author":1,"featured_media":0,"parent":0,"menu_order":0,"comment_status":"closed","ping_status":"closed","template":"","meta":[],"_links":{"self":[{"href":"http:\/\/www.lpsmedia.com\/index.php?rest_route=\/wp\/v2\/pages\/73"}],"collection":[{"href":"http:\/\/www.lpsmedia.com\/index.php?rest_route=\/wp\/v2\/pages"}],"about":[{"href":"http:\/\/www.lpsmedia.com\/index.php?rest_route=\/wp\/v2\/types\/page"}],"author":[{"embeddable":true,"href":"http:\/\/www.lpsmedia.com\/index.php?rest_route=\/wp\/v2\/users\/1"}],"replies":[{"embeddable":true,"href":"http:\/\/www.lpsmedia.com\/index.php?rest_route=%2Fwp%2Fv2%2Fcomments&post=73"}],"version-history":[{"count":4,"href":"http:\/\/www.lpsmedia.com\/index.php?rest_route=\/wp\/v2\/pages\/73\/revisions"}],"predecessor-version":[{"id":86,"href":"http:\/\/www.lpsmedia.com\/index.php?rest_route=\/wp\/v2\/pages\/73\/revisions\/86"}],"wp:attachment":[{"href":"http:\/\/www.lpsmedia.com\/index.php?rest_route=%2Fwp%2Fv2%2Fmedia&parent=73"}],"curies":[{"name":"wp","href":"https:\/\/api.w.org\/{rel}","templated":true}]}}