{"id":64,"date":"2016-01-19T10:17:24","date_gmt":"2016-01-19T09:17:24","guid":{"rendered":"http:\/\/www.lpsmedia.com\/?page_id=64"},"modified":"2018-02-07T11:33:19","modified_gmt":"2018-02-07T10:33:19","slug":"reference","status":"publish","type":"page","link":"http:\/\/www.lpsmedia.com\/?page_id=64","title":{"rendered":"REFERENCE"},"content":{"rendered":"<p><img style=\"margin: 5px;\" src=\"pic\/10.jpg\"\/><img style=\"margin: 5px;\" src=\"pic\/11.jpg\"\/><img style=\"margin: 5px;\" src=\"pic\/12.jpg\"\/><img style=\"margin: 5px;\" src=\"pic\/13.jpg\"\/><img style=\"margin: 5px;\" src=\"pic\/14.jpg\"\/><br \/>\n<img style=\"margin: 5px;\" src=\"pic\/15.jpg\"\/><img style=\"margin: 5px;\" src=\"pic\/41.jpg\"\/><img style=\"margin: 5px;\" src=\"pic\/44.jpg\"\/><img style=\"margin: 5px;\" src=\"pic\/45.jpg\"\/><img style=\"margin: 5px;\" src=\"pic\/46.jpg\"\/><img style=\"margin: 5px;\" src=\"pic\/47.jpg\"\/><img style=\"margin: 5px;\" src=\"pic\/48.jpg\"\/><img style=\"margin: 5px;\" src=\"pic\/49.jpg\"\/><img style=\"margin: 5px;\" src=\"pic\/50.jpg\"\/><img style=\"margin: 5px;\" src=\"pic\/51.jpg\"\/><img style=\"margin: 5px;\" src=\"pic\/52.jpg\"\/><img style=\"margin: 5px;\" src=\"pic\/53.jpg\"\/><img style=\"margin: 5px;\" src=\"pic\/54.jpg\"\/><\/p>\n<p>Rieter, Schaltag, Mecawel, S.A.S. cz, A. B. V. spol. sr.o, Agrokonzulta, RC Aktiva, Jaf Holz, Stavona \u010cesk\u00e9 Libchavy, Zahradnictv\u00ed \u0160\u0165astn\u00fd, TEPVOS spol. s.ro., Kom\u00e1rtrans, Velebn\u00fd&amp;Fam, Optomedic, SEFIR s.r.o., Elektro Sychra,\u00a0M\u011bsto \u00dast\u00ed nad Orlic\u00ed, Obec Libchavy, Obec \u010cesk\u00e9 Libchavy, Autoneum, <\/p>\n","protected":false},"excerpt":{"rendered":"<p>Rieter, Schaltag, Mecawel, S.A.S. cz, A. B. V. spol. sr.o, Agrokonzulta, RC Aktiva, Jaf Holz, Stavona \u010cesk\u00e9 Libchavy, Zahradnictv\u00ed \u0160\u0165astn\u00fd, TEPVOS spol. s.ro., Kom\u00e1rtrans, Velebn\u00fd&amp;Fam, Optomedic, SEFIR s.r.o., Elektro Sychra,\u00a0M\u011bsto \u00dast\u00ed nad Orlic\u00ed, Obec Libchavy, Obec \u010cesk\u00e9 Libchavy, Autoneum,<\/p>\n","protected":false},"author":1,"featured_media":0,"parent":0,"menu_order":0,"comment_status":"closed","ping_status":"closed","template":"","meta":[],"_links":{"self":[{"href":"http:\/\/www.lpsmedia.com\/index.php?rest_route=\/wp\/v2\/pages\/64"}],"collection":[{"href":"http:\/\/www.lpsmedia.com\/index.php?rest_route=\/wp\/v2\/pages"}],"about":[{"href":"http:\/\/www.lpsmedia.com\/index.php?rest_route=\/wp\/v2\/types\/page"}],"author":[{"embeddable":true,"href":"http:\/\/www.lpsmedia.com\/index.php?rest_route=\/wp\/v2\/users\/1"}],"replies":[{"embeddable":true,"href":"http:\/\/www.lpsmedia.com\/index.php?rest_route=%2Fwp%2Fv2%2Fcomments&post=64"}],"version-history":[{"count":23,"href":"http:\/\/www.lpsmedia.com\/index.php?rest_route=\/wp\/v2\/pages\/64\/revisions"}],"predecessor-version":[{"id":90,"href":"http:\/\/www.lpsmedia.com\/index.php?rest_route=\/wp\/v2\/pages\/64\/revisions\/90"}],"wp:attachment":[{"href":"http:\/\/www.lpsmedia.com\/index.php?rest_route=%2Fwp%2Fv2%2Fmedia&parent=64"}],"curies":[{"name":"wp","href":"https:\/\/api.w.org\/{rel}","templated":true}]}}