{"id":62,"date":"2016-01-19T10:17:13","date_gmt":"2016-01-19T09:17:13","guid":{"rendered":"http:\/\/www.lpsmedia.com\/?page_id=62"},"modified":"2019-09-25T16:43:05","modified_gmt":"2019-09-25T15:43:05","slug":"malonakladovy-tisk","status":"publish","type":"page","link":"http:\/\/www.lpsmedia.com\/?page_id=62","title":{"rendered":"TISK"},"content":{"rendered":"<img loading=\"lazy\" style=\"margin: 5px;\" src=\"pic\/06.jpg\" width=\"48%\" height=\"48%\" \/><img loading=\"lazy\" style=\"margin: 5px;\" src=\"pic\/07.jpg\" width=\"48%\" height=\"48%\" \/><\/p>\n<p>Tiskneme na stroj\u00edch\u00a0firmy Xerox a Roland v barevnosti bl\u00ed\u017e\u00edc\u00ed se standardu ISO Coated.<\/p>\n<p><strong>DIGIT\u00c1LN\u00cd OFSET<\/strong><\/p>\n<ul>\n<li>tiskov\u00fd form\u00e1t 480x320mm<\/li>\n<li>gram\u00e1\u017e pap\u00edru 80-300g\/m2<\/li>\n<li>ofset, k\u0159\u00edda, speci\u00e1ln\u00ed pap\u00edry<\/li>\n<li>bigov\u00e1n\u00ed<\/li>\n<li>perforace<\/li>\n<li>d\u011brov\u00e1n\u00ed<\/li>\n<li>\u00a0kalend\u00e1\u0159ov\u00e1 vazba krou\u017ekov\u00e1<\/li>\n<li>vazba V1<\/li>\n<li>tvarov\u00fd v\u00fdsek<\/li>\n<li>lepen\u00ed<\/li>\n<li>personalizace tisk\u016f (z Excelu, DB,\u00a0\u010d\u00edslov\u00e1n\u00ed, adresy, osloven\u00ed, ceny)<\/li>\n<\/ul>\n<p>&nbsp;<\/p>\n<p><strong>VELKOPLO\u0160N\u00dd TISK<\/strong><\/p>\n<ul>\n<li>tisk do \u0161\u00ed\u0159e 5 000mm (kuse)<\/li>\n<li>expresn\u00ed tisk do \u0161\u00ed\u0159e 1 370mm<\/li>\n<li>pap\u00edr matn\u00fd i leskl\u00fd<\/li>\n<li>BBS (plak\u00e1tovac\u00ed pap\u00edr)<\/li>\n<li>banner, mesh (s\u00ed\u0165ovina)<\/li>\n<li>PVC samolepka mat i lesk<\/li>\n<li>PVC deska (kapa, komatex) 1-10mm<\/li>\n<li>plexisklo<\/li>\n<li>dibond (Al sendvi\u010d)<\/li>\n<li>semipermanentn\u00ed samolepky<\/li>\n<li>tvarov\u00fd o\u0159ez samolepek<\/li>\n<li>tisk na transparentn\u00ed materi\u00e1ly<\/li>\n<li>lepen\u00ed<\/li>\n<li>personalizace tisk\u016f<\/li>\n<\/ul>\n<p>&nbsp;<\/p>\n<p><strong>LAMINACE<\/strong><\/p>\n<ul>\n<li>laminace do \u0161\u00ed\u0159e 1 000 mm<\/li>\n<li>d\u00e9ka je neomezena (pouze n\u00e1vinem role &#8211; 50m)<\/li>\n<li>tepeln\u00e1 i studen\u00e1<\/li>\n<li>kapsov\u00e1 i z role<\/li>\n<li>jednostrann\u00e1 i oboustrann\u00e1<\/li>\n<li>80 &#8211; 250 mic.<\/li>\n<li>podlahov\u00e1<\/li>\n<li>laminace a ka\u0161\u00edrov\u00e1n\u00ed tisk\u016f na desku<\/li>\n<\/ul>\n","protected":false},"excerpt":{"rendered":"<p>Tiskneme na stroj\u00edch\u00a0firmy Xerox a Roland v barevnosti bl\u00ed\u017e\u00edc\u00ed se standardu ISO Coated. DIGIT\u00c1LN\u00cd OFSET tiskov\u00fd form\u00e1t 480x320mm gram\u00e1\u017e pap\u00edru 80-300g\/m2 ofset, k\u0159\u00edda, speci\u00e1ln\u00ed pap\u00edry bigov\u00e1n\u00ed perforace d\u011brov\u00e1n\u00ed \u00a0kalend\u00e1\u0159ov\u00e1 vazba krou\u017ekov\u00e1 vazba V1 tvarov\u00fd v\u00fdsek lepen\u00ed personalizace tisk\u016f (z Excelu, DB,\u00a0\u010d\u00edslov\u00e1n\u00ed, adresy, osloven\u00ed, ceny) &nbsp; VELKOPLO\u0160N\u00dd TISK tisk do \u0161\u00ed\u0159e 5 000mm (kuse) expresn\u00ed tisk [&hellip;]<\/p>\n","protected":false},"author":1,"featured_media":0,"parent":0,"menu_order":0,"comment_status":"closed","ping_status":"closed","template":"","meta":[],"_links":{"self":[{"href":"http:\/\/www.lpsmedia.com\/index.php?rest_route=\/wp\/v2\/pages\/62"}],"collection":[{"href":"http:\/\/www.lpsmedia.com\/index.php?rest_route=\/wp\/v2\/pages"}],"about":[{"href":"http:\/\/www.lpsmedia.com\/index.php?rest_route=\/wp\/v2\/types\/page"}],"author":[{"embeddable":true,"href":"http:\/\/www.lpsmedia.com\/index.php?rest_route=\/wp\/v2\/users\/1"}],"replies":[{"embeddable":true,"href":"http:\/\/www.lpsmedia.com\/index.php?rest_route=%2Fwp%2Fv2%2Fcomments&post=62"}],"version-history":[{"count":24,"href":"http:\/\/www.lpsmedia.com\/index.php?rest_route=\/wp\/v2\/pages\/62\/revisions"}],"predecessor-version":[{"id":2517,"href":"http:\/\/www.lpsmedia.com\/index.php?rest_route=\/wp\/v2\/pages\/62\/revisions\/2517"}],"wp:attachment":[{"href":"http:\/\/www.lpsmedia.com\/index.php?rest_route=%2Fwp%2Fv2%2Fmedia&parent=62"}],"curies":[{"name":"wp","href":"https:\/\/api.w.org\/{rel}","templated":true}]}}