{"id":60,"date":"2016-01-19T10:17:00","date_gmt":"2016-01-19T09:17:00","guid":{"rendered":"http:\/\/www.lpsmedia.com\/?page_id=60"},"modified":"2018-02-02T11:46:13","modified_gmt":"2018-02-02T10:46:13","slug":"darky-a-reklamni-predmety","status":"publish","type":"page","link":"http:\/\/www.lpsmedia.com\/?page_id=60","title":{"rendered":"REKLAMN\u00cd P\u0158EDM\u011aTY"},"content":{"rendered":"<p><img loading=\"lazy\" style=\"margin: 5px;\" src=\"pic\/08.jpg\" width=\"48%\" height=\"48%\" \/> <img loading=\"lazy\" style=\"margin: 5px;\" src=\"pic\/09.jpg\" width=\"48%\" height=\"48%\" \/><\/p>\n<p>Pro na\u0161e klienty zaji\u0161\u0165ujeme klasick\u00e9 i netradi\u010dn\u00ed reklamn\u00ed p\u0159edm\u011bty. Od propisovac\u00edch tu\u017eek, di\u00e1\u0159\u016f a\u017e po speci\u00e1ln\u00ed d\u00e1rky vyr\u00e1b\u011bn\u00e9 na zak\u00e1zku.<\/p>\n<p>Spolupracujeme s\u00a0nejvet\u0161\u00edmi dodavateli reklamn\u00edch p\u0159edm\u011bt\u016f v\u00a0\u010cR.<\/p>\n<p>Technologie ozna\u010dov\u00e1n\u00ed reklamn\u00edch p\u0159edm\u011bt\u016f, kter\u00e9 pou\u017e\u00edv\u00e1me: tamponprint, p\u00edskov\u00e1n\u00ed, laser, na\u017eehlov\u00e1n\u00ed, s\u00edtotisk, grav\u00edrov\u00e1n\u00ed.<\/p>\n","protected":false},"excerpt":{"rendered":"<p>Pro na\u0161e klienty zaji\u0161\u0165ujeme klasick\u00e9 i netradi\u010dn\u00ed reklamn\u00ed p\u0159edm\u011bty. Od propisovac\u00edch tu\u017eek, di\u00e1\u0159\u016f a\u017e po speci\u00e1ln\u00ed d\u00e1rky vyr\u00e1b\u011bn\u00e9 na zak\u00e1zku. Spolupracujeme s\u00a0nejvet\u0161\u00edmi dodavateli reklamn\u00edch p\u0159edm\u011bt\u016f v\u00a0\u010cR. Technologie ozna\u010dov\u00e1n\u00ed reklamn\u00edch p\u0159edm\u011bt\u016f, kter\u00e9 pou\u017e\u00edv\u00e1me: tamponprint, p\u00edskov\u00e1n\u00ed, laser, na\u017eehlov\u00e1n\u00ed, s\u00edtotisk, grav\u00edrov\u00e1n\u00ed.<\/p>\n","protected":false},"author":1,"featured_media":0,"parent":0,"menu_order":0,"comment_status":"closed","ping_status":"closed","template":"","meta":[],"_links":{"self":[{"href":"http:\/\/www.lpsmedia.com\/index.php?rest_route=\/wp\/v2\/pages\/60"}],"collection":[{"href":"http:\/\/www.lpsmedia.com\/index.php?rest_route=\/wp\/v2\/pages"}],"about":[{"href":"http:\/\/www.lpsmedia.com\/index.php?rest_route=\/wp\/v2\/types\/page"}],"author":[{"embeddable":true,"href":"http:\/\/www.lpsmedia.com\/index.php?rest_route=\/wp\/v2\/users\/1"}],"replies":[{"embeddable":true,"href":"http:\/\/www.lpsmedia.com\/index.php?rest_route=%2Fwp%2Fv2%2Fcomments&post=60"}],"version-history":[{"count":8,"href":"http:\/\/www.lpsmedia.com\/index.php?rest_route=\/wp\/v2\/pages\/60\/revisions"}],"predecessor-version":[{"id":1985,"href":"http:\/\/www.lpsmedia.com\/index.php?rest_route=\/wp\/v2\/pages\/60\/revisions\/1985"}],"wp:attachment":[{"href":"http:\/\/www.lpsmedia.com\/index.php?rest_route=%2Fwp%2Fv2%2Fmedia&parent=60"}],"curies":[{"name":"wp","href":"https:\/\/api.w.org\/{rel}","templated":true}]}}