{"id":278,"date":"2016-07-06T14:53:58","date_gmt":"2016-07-06T13:53:58","guid":{"rendered":"http:\/\/www.lpsmedia.com\/?page_id=278"},"modified":"2019-09-25T16:42:56","modified_gmt":"2019-09-25T15:42:56","slug":"graficke-studio-2","status":"publish","type":"page","link":"http:\/\/www.lpsmedia.com\/?page_id=278","title":{"rendered":"GRAFICK\u00c9 STUDIO"},"content":{"rendered":"N\u00c1VRHY LOGOTYP\u016e <span style=\"color: #ff0000;\">I<\/span> CORPORATE IDENTITY <span style=\"color: #ff0000;\">I<\/span> DESIGN MANU\u00c1LY <span style=\"color: #ff0000;\">I<\/span> LET\u00c1KY <span style=\"color: #ff0000;\">I<\/span> PLAK\u00c1TY <span style=\"color: #ff0000;\">I<\/span> INZERCE <span style=\"color: #ff0000;\">I<\/span>\u00a0WEBOV\u00c9 STR\u00c1NKY <span style=\"color: #ff0000;\">I<\/span> KATALOGY<span style=\"color: #ff0000;\"> I<\/span> KNIHY <span style=\"color: #ff0000;\">I<\/span> POZV\u00c1NKY <span style=\"color: #ff0000;\">I<\/span> NOVORO\u010cENKY <span style=\"color: #ff0000;\">I\u00a0<\/span>KALEND\u00c1\u0158E<\/p>\n<p>&nbsp;<\/p>\n<p>Na\u0161\u00edm c\u00edlem je Va\u0161e nad\u0161en\u00ed!<br \/>\nVytv\u00e1\u0159\u00edme grafick\u00e9 n\u00e1vrhy a kreativn\u00ed koncepty, podle Va\u0161ich po\u017eadavk\u016f.<br \/>\nGrafick\u00fd n\u00e1vrh s V\u00e1mi v\u017edy prokonzultujeme a doporu\u010d\u00edme V\u00e1m nejlep\u0161\u00ed \u0159e\u0161en\u00ed,<br \/>\nR\u00e1di vytv\u00e1\u0159\u00edme n\u011bco nov\u00e9ho, origin\u00e1ln\u00edho a inovativn\u00edho..<br \/>\nKreativn\u00ed grafiku bereme jako realizaci Va\u0161ich po\u017eadavk\u016f s vyu\u017eit\u00edm na\u0161ich zku\u0161enost\u00ed.<br \/>\nKe ka\u017ed\u00e9 zak\u00e1zce p\u0159istupujeme zcela individu\u00e1ln\u011b s c\u00edlem, \u017ee v\u00fdsledek bude origin\u00e1l<br \/>\na vy nad\u0161en\u00fd z\u00e1kazn\u00edk.<\/p>\n<p>&nbsp;<\/p>\n<p>N\u00e1vrhy vytv\u00e1\u0159\u00edme v grafick\u00fdch programech spole\u010dnosti Adobe (Photoshop, Indesign,<br \/>\nIllustrator), Corel Draw. Podklady zpracujeme ze v\u0161ech mysliteln\u00fdch zdroj\u016f (Word, Excel,<br \/>\nAutocad, Openoffice&#8230;) Pracujeme na pravideln\u011b kalibrovan\u00fdch p\u0159edtiskov\u00fdch za\u0159\u00edzen\u00edch<br \/>\n(scanner-monitor-digit\u00e1ln\u00ed n\u00e1tisk).<\/p>\n","protected":false},"excerpt":{"rendered":"<p>N\u00c1VRHY LOGOTYP\u016e I CORPORATE IDENTITY I DESIGN MANU\u00c1LY I LET\u00c1KY I PLAK\u00c1TY I INZERCE I\u00a0WEBOV\u00c9 STR\u00c1NKY I KATALOGY I KNIHY I POZV\u00c1NKY I NOVORO\u010cENKY I\u00a0KALEND\u00c1\u0158E &nbsp; Na\u0161\u00edm c\u00edlem je Va\u0161e nad\u0161en\u00ed! Vytv\u00e1\u0159\u00edme grafick\u00e9 n\u00e1vrhy a kreativn\u00ed koncepty, podle Va\u0161ich po\u017eadavk\u016f. Grafick\u00fd n\u00e1vrh s V\u00e1mi v\u017edy prokonzultujeme a doporu\u010d\u00edme V\u00e1m nejlep\u0161\u00ed \u0159e\u0161en\u00ed, R\u00e1di vytv\u00e1\u0159\u00edme n\u011bco nov\u00e9ho, [&hellip;]<\/p>\n","protected":false},"author":1,"featured_media":0,"parent":0,"menu_order":0,"comment_status":"closed","ping_status":"closed","template":"","meta":[],"_links":{"self":[{"href":"http:\/\/www.lpsmedia.com\/index.php?rest_route=\/wp\/v2\/pages\/278"}],"collection":[{"href":"http:\/\/www.lpsmedia.com\/index.php?rest_route=\/wp\/v2\/pages"}],"about":[{"href":"http:\/\/www.lpsmedia.com\/index.php?rest_route=\/wp\/v2\/types\/page"}],"author":[{"embeddable":true,"href":"http:\/\/www.lpsmedia.com\/index.php?rest_route=\/wp\/v2\/users\/1"}],"replies":[{"embeddable":true,"href":"http:\/\/www.lpsmedia.com\/index.php?rest_route=%2Fwp%2Fv2%2Fcomments&post=278"}],"version-history":[{"count":4,"href":"http:\/\/www.lpsmedia.com\/index.php?rest_route=\/wp\/v2\/pages\/278\/revisions"}],"predecessor-version":[{"id":2516,"href":"http:\/\/www.lpsmedia.com\/index.php?rest_route=\/wp\/v2\/pages\/278\/revisions\/2516"}],"wp:attachment":[{"href":"http:\/\/www.lpsmedia.com\/index.php?rest_route=%2Fwp%2Fv2%2Fmedia&parent=278"}],"curies":[{"name":"wp","href":"https:\/\/api.w.org\/{rel}","templated":true}]}}