{"id":24,"date":"2015-05-20T14:25:27","date_gmt":"2015-05-20T13:25:27","guid":{"rendered":"http:\/\/www.lpsmedia.com\/?page_id=24"},"modified":"2018-02-07T10:12:28","modified_gmt":"2018-02-07T09:12:28","slug":"webdesign","status":"publish","type":"page","link":"http:\/\/www.lpsmedia.com\/?page_id=24","title":{"rendered":"SAMOLEPKY"},"content":{"rendered":"<p>Pro v\u00fdrobu samolep\u00edc\u00edch etiket a bezpe\u010dnostn\u00edch \u0161t\u00edtk\u016f pou\u017e\u00edv\u00e1me tiskov\u00fd ploter kombinovan\u00fd s no\u017eem, tiskneme ecosolventn\u00edmi inkousty, odoln\u00fdmi v\u016f\u010di UV z\u00e1\u0159en\u00ed s mo\u017enost\u00ed laminace.<br \/>\nTiskov\u00e9\u00a0rozli\u0161en\u00ed a\u017e 1440 dpi,\u00a0monomerick\u00e9, polymerick\u00e9, lit\u00e9\u00a0i\u00a0barven\u00e9 PVC zna\u010dek Metamark a Avery.<\/p>\n<p><img loading=\"lazy\" style=\"margin: 5px;\" src=\"pic\/37.jpg\" width=\"48%\" height=\"48%\" \/><img loading=\"lazy\" style=\"margin: 5px;\" src=\"pic\/38.jpg\" width=\"48%\" height=\"48%\" \/><\/p>\n","protected":false},"excerpt":{"rendered":"<p>Pro v\u00fdrobu samolep\u00edc\u00edch etiket a bezpe\u010dnostn\u00edch \u0161t\u00edtk\u016f pou\u017e\u00edv\u00e1me tiskov\u00fd ploter kombinovan\u00fd s no\u017eem, tiskneme ecosolventn\u00edmi inkousty, odoln\u00fdmi v\u016f\u010di UV z\u00e1\u0159en\u00ed s mo\u017enost\u00ed laminace. Tiskov\u00e9\u00a0rozli\u0161en\u00ed a\u017e 1440 dpi,\u00a0monomerick\u00e9, polymerick\u00e9, lit\u00e9\u00a0i\u00a0barven\u00e9 PVC zna\u010dek Metamark a Avery.<\/p>\n","protected":false},"author":1,"featured_media":0,"parent":0,"menu_order":0,"comment_status":"closed","ping_status":"closed","template":"","meta":[],"_links":{"self":[{"href":"http:\/\/www.lpsmedia.com\/index.php?rest_route=\/wp\/v2\/pages\/24"}],"collection":[{"href":"http:\/\/www.lpsmedia.com\/index.php?rest_route=\/wp\/v2\/pages"}],"about":[{"href":"http:\/\/www.lpsmedia.com\/index.php?rest_route=\/wp\/v2\/types\/page"}],"author":[{"embeddable":true,"href":"http:\/\/www.lpsmedia.com\/index.php?rest_route=\/wp\/v2\/users\/1"}],"replies":[{"embeddable":true,"href":"http:\/\/www.lpsmedia.com\/index.php?rest_route=%2Fwp%2Fv2%2Fcomments&post=24"}],"version-history":[{"count":11,"href":"http:\/\/www.lpsmedia.com\/index.php?rest_route=\/wp\/v2\/pages\/24\/revisions"}],"predecessor-version":[{"id":2011,"href":"http:\/\/www.lpsmedia.com\/index.php?rest_route=\/wp\/v2\/pages\/24\/revisions\/2011"}],"wp:attachment":[{"href":"http:\/\/www.lpsmedia.com\/index.php?rest_route=%2Fwp%2Fv2%2Fmedia&parent=24"}],"curies":[{"name":"wp","href":"https:\/\/api.w.org\/{rel}","templated":true}]}}