{"id":21,"date":"2015-05-20T14:23:59","date_gmt":"2015-05-20T13:23:59","guid":{"rendered":"http:\/\/www.lpsmedia.com\/?page_id=21"},"modified":"2021-02-23T10:44:54","modified_gmt":"2021-02-23T09:44:54","slug":"kontakty","status":"publish","type":"page","link":"http:\/\/www.lpsmedia.com\/?page_id=21","title":{"rendered":"KONTAKTY"},"content":{"rendered":"<strong>LPS media, s.r.o.<\/strong><br \/>\n562 01 \u00dast\u00ed nad Orlic\u00ed<br \/>\nM\u00edrov\u00e9 n\u00e1m\u011bst\u00ed 90<br \/>\nI\u010c: 64824314<br \/>\nDI\u010c: CZ64824314<\/p>\n<p><strong>Jan Valter<\/strong><br \/>\nM: 603 500 355<br \/>\nE: valter@lpsmedia.com<\/p>\n<p><b>Vlastimil Dan\u011bk <\/b>(v\u00fdroba, grafika)<br \/>\nM: 733 157 291<br \/>\nE: info@lpsmedia.com<\/p>\n<p><strong>Martina Doktorov\u00e1<\/strong> (produkce, administrativa)<br \/>\nM: 737 910 964<br \/>\nE: info@lpsmedia.com<\/p>\n","protected":false},"excerpt":{"rendered":"<p>LPS media, s.r.o. 562 01 \u00dast\u00ed nad Orlic\u00ed M\u00edrov\u00e9 n\u00e1m\u011bst\u00ed 90 I\u010c: 64824314 DI\u010c: CZ64824314 Jan Valter M: 603 500 355 E: valter@lpsmedia.com Vlastimil Dan\u011bk (v\u00fdroba, grafika) M: 733 157 291 E: info@lpsmedia.com Martina Doktorov\u00e1 (produkce, administrativa) M: 737 910 964 E: info@lpsmedia.com<\/p>\n","protected":false},"author":1,"featured_media":0,"parent":0,"menu_order":0,"comment_status":"closed","ping_status":"closed","template":"","meta":[],"_links":{"self":[{"href":"http:\/\/www.lpsmedia.com\/index.php?rest_route=\/wp\/v2\/pages\/21"}],"collection":[{"href":"http:\/\/www.lpsmedia.com\/index.php?rest_route=\/wp\/v2\/pages"}],"about":[{"href":"http:\/\/www.lpsmedia.com\/index.php?rest_route=\/wp\/v2\/types\/page"}],"author":[{"embeddable":true,"href":"http:\/\/www.lpsmedia.com\/index.php?rest_route=\/wp\/v2\/users\/1"}],"replies":[{"embeddable":true,"href":"http:\/\/www.lpsmedia.com\/index.php?rest_route=%2Fwp%2Fv2%2Fcomments&post=21"}],"version-history":[{"count":8,"href":"http:\/\/www.lpsmedia.com\/index.php?rest_route=\/wp\/v2\/pages\/21\/revisions"}],"predecessor-version":[{"id":2528,"href":"http:\/\/www.lpsmedia.com\/index.php?rest_route=\/wp\/v2\/pages\/21\/revisions\/2528"}],"wp:attachment":[{"href":"http:\/\/www.lpsmedia.com\/index.php?rest_route=%2Fwp%2Fv2%2Fmedia&parent=21"}],"curies":[{"name":"wp","href":"https:\/\/api.w.org\/{rel}","templated":true}]}}