{"id":13,"date":"2015-05-20T14:21:46","date_gmt":"2015-05-20T13:21:46","guid":{"rendered":"http:\/\/www.lpsmedia.com\/?page_id=13"},"modified":"2018-11-06T10:51:05","modified_gmt":"2018-11-06T09:51:05","slug":"potisk-textilu","status":"publish","type":"page","link":"http:\/\/www.lpsmedia.com\/?page_id=13","title":{"rendered":"POTISK TEXTILU"},"content":{"rendered":"<p><img loading=\"lazy\" style=\"margin: 5px;\" src=\"pic\/28.jpg\" width=\"48%\" height=\"48%\" \/><img loading=\"lazy\" style=\"margin: 5px;\" src=\"pic\/29.jpg\" width=\"48%\" height=\"48%\" \/><br \/>\n<img loading=\"lazy\" style=\"margin: 5px;\" src=\"pic\/30.jpg\" width=\"48%\" height=\"48%\" \/><img loading=\"lazy\" style=\"margin: 5px;\" src=\"pic\/31.jpg\" width=\"48%\" height=\"48%\" \/><\/p>\n<p>TRI\u010cKA <span style=\"color: #ff0000;\">I<\/span> POLOKO\u0160ILE <span style=\"color: #ff0000;\">I<\/span> MIKINY <span style=\"color: #ff0000;\">I<\/span> TRI\u010cKA NA SPORT A FITNESS <span style=\"color: #ff0000;\">I<\/span> BUNDY <span style=\"color: #ff0000;\">I<\/span> POLOKO\u0160ILE <span style=\"color: #ff0000;\">I<\/span>\u00a0MIKINY <span style=\"color: #ff0000;\">I<\/span> SPORTOVN\u00cd DRESY <span style=\"color: #ff0000;\">I<\/span> TA\u0160KY <span style=\"color: #ff0000;\">I<\/span> BUNDY <span style=\"color: #ff0000;\">I<\/span> PRACOVN\u00cd OD\u011aVY <span style=\"color: #ff0000;\">I<\/span> DE\u0160TN\u00cdKY<br \/>\nPAP\u00cdROV\u00c9 TA\u0160KY <span style=\"color: #ff0000;\">I<\/span> \u010cEPICE <span style=\"color: #ff0000;\">I<\/span> L\u00c1TKOV\u00c9 TA\u0160KY<\/p>\n<p><strong>FLEX<\/strong><br \/>\nPotisk textilu flexem se pou\u017e\u00edvan\u00e1 zejm\u00e9na pro oble\u010den\u00ed (sportovn\u00ed dresy, firemn\u00ed tri\u010dka atd. Princip je snadn\u00fd. Motiv, kter\u00fd chcete tisknout, na plotteru vy\u0159\u00edzneme ze speci\u00e1ln\u00ed f\u00f3lie<br \/>\na na\u017eehl\u00edme ho na textil Flex je finan\u010dn\u011b celkem nen\u00e1ro\u010dn\u00fd a hod\u00ed se k potisku men\u0161\u00edch po\u010dt\u016f textilu.<\/p>\n<p><strong>FLOK<\/strong><br \/>\nTechnologie floku pat\u0159\u00ed k modern\u00edm metod\u00e1m potisku. Pro potisk se pou\u017e\u00edv\u00e1 speci\u00e1ln\u00ed flokov\u00e1 (na\u017eehlovac\u00ed) f\u00f3lie, ze kter\u00e9 se vy\u0159e\u017ee po\u017eadovan\u00fd motiv. Povrch flocku p\u0159ipom\u00edn\u00e1 samet.<br \/>\nJeho povrch je hebk\u00fd a p\u0159\u00edjemn\u00fd na omak. Flokov\u00fd potisk p\u016fsob\u00ed velmi efektn\u011b a modern\u011b. Flexem v\u00e1m potiskneme: tri\u010dka, poloko\u0161ile, mikiny, tri\u010dka na sport a fitness.<\/p>\n<p><strong>TISKOV\u00dd FLEX<\/strong><br \/>\nPro \u00fa\u010dely ti\u0161t\u011bn\u00ed propracovan\u00fdch firemn\u00edch log jist\u011b ocen\u00edte mo\u017enost realizace slo\u017eit\u00fdch barevn\u00fdch soutisk\u016f. Tato skute\u010dnost d\u011bl\u00e1 z tiskov\u00e9ho flexu ide\u00e1ln\u00ed technologii pro potisk tri\u010dek<br \/>\nfotografiemi.<\/p>\n<p><strong>S\u00cdTOTISK<\/strong><br \/>\nS\u00edtotiskem vytv\u00e1\u0159\u00edme jak jednoduch\u00e9, tak i slo\u017eit\u00e9 grafiky. Potisk s\u00edtotiskem je vhodn\u00fd pro ve\u0161ker\u00fd textil, ale i na reklamn\u00ed p\u0159edm\u011bty.<\/p>\n<p><img loading=\"lazy\" style=\"margin: 5px;\" src=\"pic\/32.jpg\" width=\"15%\" height=\"15%\" \/><img loading=\"lazy\" style=\"margin: 5px;\" src=\"pic\/33.jpg\" width=\"15%\" height=\"15%\" \/><img loading=\"lazy\" style=\"margin: 5px;\" src=\"pic\/34.jpg\" width=\"15%\" height=\"15%\" \/><img loading=\"lazy\" style=\"margin: 5px;\" src=\"pic\/35.jpg\" width=\"15%\" height=\"15%\" \/><img loading=\"lazy\" style=\"margin: 5px;\" src=\"pic\/textil\/01.jpg\" width=\"15%\" height=\"15%\" \/><img loading=\"lazy\" style=\"margin: 5px;\" src=\"pic\/textil\/02.jpg\" width=\"15%\" height=\"15%\" \/><img loading=\"lazy\" style=\"margin: 5px;\" src=\"pic\/textil\/04.jpg\" width=\"15%\" height=\"15%\" \/><img loading=\"lazy\" style=\"margin: 5px;\" src=\"pic\/textil\/05.jpg\" width=\"15%\" height=\"15%\" \/><img loading=\"lazy\" style=\"margin: 5px;\" src=\"pic\/textil\/06.jpg\" width=\"15%\" height=\"15%\" \/><img loading=\"lazy\" style=\"margin: 5px;\" src=\"pic\/textil\/07.jpg\" width=\"15%\" height=\"15%\" \/><img loading=\"lazy\" style=\"margin: 5px;\" src=\"pic\/textil\/08.jpg\" width=\"15%\" height=\"15%\" \/><img loading=\"lazy\" style=\"margin: 5px;\" src=\"pic\/textil\/09.jpg\" width=\"15%\" height=\"15%\" \/><img loading=\"lazy\" style=\"margin: 5px;\" src=\"pic\/textil\/10.jpg\" width=\"15%\" height=\"15%\" \/><img loading=\"lazy\" style=\"margin: 5px;\" src=\"pic\/textil\/11.jpg\" width=\"15%\" height=\"15%\" \/><img loading=\"lazy\" style=\"margin: 5px;\" src=\"pic\/textil\/12.jpg\" width=\"15%\" height=\"15%\" \/><img loading=\"lazy\" style=\"margin: 5px;\" src=\"pic\/textil\/13.jpg\" width=\"15%\" height=\"15%\" \/><img loading=\"lazy\" style=\"margin: 5px;\" src=\"pic\/textil\/14.jpg\" width=\"15%\" height=\"15%\" \/><img loading=\"lazy\" style=\"margin: 5px;\" src=\"pic\/textil\/15.jpg\" width=\"15%\" height=\"15%\" \/><img loading=\"lazy\" style=\"margin: 5px;\" src=\"pic\/textil\/16.jpg\" width=\"15%\" height=\"15%\" \/><img loading=\"lazy\" style=\"margin: 5px;\" src=\"pic\/textil\/17.jpg\" width=\"15%\" height=\"15%\" \/><img loading=\"lazy\" style=\"margin: 5px;\" src=\"pic\/textil\/18.jpg\" width=\"15%\" height=\"15%\" \/><img loading=\"lazy\" style=\"margin: 5px;\" src=\"pic\/textil\/19.jpg\" width=\"15%\" height=\"15%\" \/><img loading=\"lazy\" style=\"margin: 5px;\" src=\"pic\/textil\/20.jpg\" width=\"15%\" height=\"15%\" \/><img loading=\"lazy\" style=\"margin: 5px;\" src=\"pic\/textil\/21.jpg\" width=\"15%\" height=\"15%\" \/><img loading=\"lazy\" style=\"margin: 5px;\" src=\"pic\/textil\/22.jpg\" width=\"15%\" height=\"15%\" \/><img loading=\"lazy\" style=\"margin: 5px;\" src=\"pic\/textil\/23.jpg\" width=\"15%\" height=\"15%\" \/><img loading=\"lazy\" style=\"margin: 5px;\" src=\"pic\/textil\/24.jpg\" width=\"15%\" height=\"15%\" \/><img loading=\"lazy\" style=\"margin: 5px;\" src=\"pic\/textil\/25.jpg\" width=\"15%\" height=\"15%\" \/><img loading=\"lazy\" style=\"margin: 5px;\" src=\"pic\/textil\/26.jpg\" width=\"15%\" height=\"15%\" \/><img loading=\"lazy\" style=\"margin: 5px;\" src=\"pic\/textil\/27.jpg\" width=\"15%\" height=\"15%\" \/><img loading=\"lazy\" style=\"margin: 5px;\" src=\"pic\/textil\/28.jpg\" width=\"15%\" height=\"15%\" \/><img loading=\"lazy\" style=\"margin: 5px;\" src=\"pic\/textil\/29.jpg\" width=\"15%\" height=\"15%\" \/><img loading=\"lazy\" style=\"margin: 5px;\" src=\"pic\/textil\/30.jpg\" width=\"15%\" height=\"15%\" \/><img loading=\"lazy\" style=\"margin: 5px;\" src=\"pic\/textil\/31.jpg\" width=\"15%\" height=\"15%\" \/><img loading=\"lazy\" style=\"margin: 5px;\" src=\"pic\/textil\/32.jpg\" width=\"15%\" height=\"15%\" \/><img loading=\"lazy\" style=\"margin: 5px;\" src=\"pic\/textil\/33.jpg\" width=\"15%\" height=\"15%\" \/><img loading=\"lazy\" style=\"margin: 5px;\" src=\"pic\/textil\/34.jpg\" width=\"15%\" height=\"15%\" \/><img loading=\"lazy\" style=\"margin: 5px;\" src=\"pic\/textil\/35.jpg\" width=\"15%\" height=\"15%\" \/><img loading=\"lazy\" style=\"margin: 5px;\" src=\"pic\/textil\/36.jpg\" width=\"15%\" height=\"15%\" \/><br \/>\n&nbsp;<\/p>\n","protected":false},"excerpt":{"rendered":"<p>TRI\u010cKA I POLOKO\u0160ILE I MIKINY I TRI\u010cKA NA SPORT A FITNESS I BUNDY I POLOKO\u0160ILE I\u00a0MIKINY I SPORTOVN\u00cd DRESY I TA\u0160KY I BUNDY I PRACOVN\u00cd OD\u011aVY I DE\u0160TN\u00cdKY PAP\u00cdROV\u00c9 TA\u0160KY I \u010cEPICE I L\u00c1TKOV\u00c9 TA\u0160KY FLEX Potisk textilu flexem se pou\u017e\u00edvan\u00e1 zejm\u00e9na pro oble\u010den\u00ed (sportovn\u00ed dresy, firemn\u00ed tri\u010dka atd. Princip je snadn\u00fd. Motiv, kter\u00fd chcete [&hellip;]<\/p>\n","protected":false},"author":1,"featured_media":0,"parent":0,"menu_order":0,"comment_status":"closed","ping_status":"closed","template":"","meta":[],"_links":{"self":[{"href":"http:\/\/www.lpsmedia.com\/index.php?rest_route=\/wp\/v2\/pages\/13"}],"collection":[{"href":"http:\/\/www.lpsmedia.com\/index.php?rest_route=\/wp\/v2\/pages"}],"about":[{"href":"http:\/\/www.lpsmedia.com\/index.php?rest_route=\/wp\/v2\/types\/page"}],"author":[{"embeddable":true,"href":"http:\/\/www.lpsmedia.com\/index.php?rest_route=\/wp\/v2\/users\/1"}],"replies":[{"embeddable":true,"href":"http:\/\/www.lpsmedia.com\/index.php?rest_route=%2Fwp%2Fv2%2Fcomments&post=13"}],"version-history":[{"count":29,"href":"http:\/\/www.lpsmedia.com\/index.php?rest_route=\/wp\/v2\/pages\/13\/revisions"}],"predecessor-version":[{"id":2035,"href":"http:\/\/www.lpsmedia.com\/index.php?rest_route=\/wp\/v2\/pages\/13\/revisions\/2035"}],"wp:attachment":[{"href":"http:\/\/www.lpsmedia.com\/index.php?rest_route=%2Fwp%2Fv2%2Fmedia&parent=13"}],"curies":[{"name":"wp","href":"https:\/\/api.w.org\/{rel}","templated":true}]}}